{"id":1590,"date":"2022-07-12T16:42:30","date_gmt":"2022-07-12T14:42:30","guid":{"rendered":"https:\/\/lepetitrefuge-tsl.com\/?page_id=1590"},"modified":"2025-03-19T14:42:16","modified_gmt":"2025-03-19T13:42:16","slug":"elementor-1590","status":"publish","type":"page","link":"https:\/\/lepetitrefuge-tsl.com\/en\/elementor-1590\/","title":{"rendered":"Elementor #1590"},"content":{"rendered":"<p><img decoding=\"async\" src=\"https:\/\/lepetitrefuge-tsl.com\/wp-content\/uploads\/elementor\/thumbs\/LPR-ppcc75e0h0jktutcytv8cwbku22qw1fqht1k0u4uw0.png\" title=\"LPR\" alt=\"LPR\" loading=\"lazy\" \/>\t\t\t\t\t\t\t\t\t\t\t\t\t\t\t<\/p>\n<h2>Impressum<\/h2>\n<p>Angaben gem\u00e4\u00df \u00a7 5 TMG<\/p>\n<p>Oliver Dultz<\/p>\n<p>Orleansstr.17<\/p>\n<p>28211 Bremen<\/p>\n<p>Kontakt<\/p>\n<p>Telefon: 0421554635<\/p>\n<p>E-Mail: contact@lepetitrefuge-tsl.com<\/p>\n<p>Quelle:<\/p>\n<p>https:\/\/www.e-recht24.de\/impressum-generator.html<\/p>\n<p>Copyright \u00a9 2022 All Rights reserved<\/p>\n<h6>Hausregeln<\/h6>\n<ul>\n<li>\n\t\t\t\t\t\t\t\t\t\tCheck-in: 4:00 PM &#8211; 7:00 PM\n\t\t\t\t\t\t\t\t\t<\/li>\n<li>\n\t\t\t\t\t\t\t\t\t\tCheckout: 10:00 AM\n\t\t\t\t\t\t\t\t\t<\/li>\n<li>\n\t\t\t\t\t\t\t\t\t\tNo smoking\n\t\t\t\t\t\t\t\t\t<\/li>\n<li>\n\t\t\t\t\t\t\t\t\t\tNo pets\n\t\t\t\t\t\t\t\t\t<\/li>\n<\/ul>\n<p>Maximum of 4 guests are permitted<\/p>\n<h6>Terms &amp; Conditions<\/h6>\n<h6>Follow us<\/h6>\n<p>\t\t\t\t\t<a href=\"https:\/\/www.instagram.com\/le_petit_refuge_tsl\/?utm_medium=copy_link\" target=\"_blank\"><br \/>\n\t\t\t\t\t\tInstagram<br \/>\n\t\t\t\t\t\t\t\t\t\t\t<\/a><\/p>\n<p><a href=\"https:\/\/lepetitrefuge-tsl.com\/impressum\">Impressum<\/a><\/p>\n<p><a href=\"https:\/\/lepetitrefuge-tsl.com\/datenschutz\">Datenschutz<\/a><\/p>\n<h2>Kontakt<\/h2>\n<ul>\n<li>\n\t\t\t\t\t\t\t\t\t\t(+33 6 74610181)\n\t\t\t\t\t\t\t\t\t<\/li>\n<li>\n\t\t\t\t\t\t\t\t\t\tcontact@lepetitrefuge-tsl.com\n\t\t\t\t\t\t\t\t\t<\/li>\n<\/ul>\n","protected":false},"excerpt":{"rendered":"<p>Impressum Angaben gem\u00e4\u00df \u00a7 5 TMG Oliver Dultz Orleansstr.17 28211 Bremen Kontakt Telefon: 0421554635 E-Mail: contact@lepetitrefuge-tsl.com Quelle: https:\/\/www.e-recht24.de\/impressum-generator.html Copyright \u00a9 2022 All Rights reserved Hausregeln Check-in: 4:00 PM &#8211; 7:00 PM Checkout: 10:00 AM No smoking No pets Maximum of 4 guests are permitted Terms &amp; Conditions Follow us Instagram Impressum Datenschutz Kontakt (+33 6&hellip; <a class=\"more-link\" href=\"https:\/\/lepetitrefuge-tsl.com\/en\/elementor-1590\/\">Continue reading <span class=\"screen-reader-text\">Elementor #1590<\/span><\/a><\/p>\n","protected":false},"author":1,"featured_media":0,"parent":0,"menu_order":0,"comment_status":"closed","ping_status":"closed","template":"elementor_canvas","meta":{"footnotes":""},"class_list":["post-1590","page","type-page","status-publish","hentry","entry"],"yoast_head":"<!-- This site is optimized with the Yoast SEO plugin v27.3 - https:\/\/yoast.com\/product\/yoast-seo-wordpress\/ -->\n<title>Elementor #1590 - Le Petit Refuge \u00e0 Tourrettes sur Loup<\/title>\n<meta name=\"robots\" content=\"index, follow, max-snippet:-1, max-image-preview:large, max-video-preview:-1\" \/>\n<link rel=\"canonical\" href=\"https:\/\/lepetitrefuge-tsl.com\/en\/elementor-1590\/\" \/>\n<meta property=\"og:locale\" content=\"en_US\" \/>\n<meta property=\"og:type\" content=\"article\" \/>\n<meta property=\"og:title\" content=\"Elementor #1590 - Le Petit Refuge \u00e0 Tourrettes sur Loup\" \/>\n<meta property=\"og:description\" content=\"Impressum Angaben gem\u00e4\u00df \u00a7 5 TMG Oliver Dultz Orleansstr.17 28211 Bremen Kontakt Telefon: 0421554635 E-Mail: contact@lepetitrefuge-tsl.com Quelle: https:\/\/www.e-recht24.de\/impressum-generator.html Copyright \u00a9 2022 All Rights reserved Hausregeln Check-in: 4:00 PM &#8211; 7:00 PM Checkout: 10:00 AM No smoking No pets Maximum of 4 guests are permitted Terms &amp; Conditions Follow us Instagram Impressum Datenschutz Kontakt (+33 6&hellip; Continue reading Elementor #1590\" \/>\n<meta property=\"og:url\" content=\"https:\/\/lepetitrefuge-tsl.com\/en\/elementor-1590\/\" \/>\n<meta property=\"og:site_name\" content=\"Le Petit Refuge \u00e0 Tourrettes sur Loup\" \/>\n<meta property=\"article:modified_time\" content=\"2025-03-19T13:42:16+00:00\" \/>\n<meta property=\"og:image\" content=\"https:\/\/lepetitrefuge-tsl.com\/wp-content\/uploads\/elementor\/thumbs\/LPR-ppcc75e0h0jktutcytv8cwbku22qw1fqht1k0u4uw0.png\" \/>\n<meta name=\"twitter:card\" content=\"summary_large_image\" \/>\n<meta name=\"twitter:label1\" content=\"Est. reading time\" \/>\n\t<meta name=\"twitter:data1\" content=\"1 minute\" \/>\n<script type=\"application\/ld+json\" class=\"yoast-schema-graph\">{\"@context\":\"https:\\\/\\\/schema.org\",\"@graph\":[{\"@type\":\"WebPage\",\"@id\":\"https:\\\/\\\/lepetitrefuge-tsl.com\\\/en\\\/elementor-1590\\\/\",\"url\":\"https:\\\/\\\/lepetitrefuge-tsl.com\\\/en\\\/elementor-1590\\\/\",\"name\":\"Elementor #1590 - Le Petit Refuge \u00e0 Tourrettes sur Loup\",\"isPartOf\":{\"@id\":\"https:\\\/\\\/lepetitrefuge-tsl.com\\\/#website\"},\"primaryImageOfPage\":{\"@id\":\"https:\\\/\\\/lepetitrefuge-tsl.com\\\/en\\\/elementor-1590\\\/#primaryimage\"},\"image\":{\"@id\":\"https:\\\/\\\/lepetitrefuge-tsl.com\\\/en\\\/elementor-1590\\\/#primaryimage\"},\"thumbnailUrl\":\"https:\\\/\\\/lepetitrefuge-tsl.com\\\/wp-content\\\/uploads\\\/elementor\\\/thumbs\\\/LPR-ppcc75e0h0jktutcytv8cwbku22qw1fqht1k0u4uw0.png\",\"datePublished\":\"2022-07-12T14:42:30+00:00\",\"dateModified\":\"2025-03-19T13:42:16+00:00\",\"breadcrumb\":{\"@id\":\"https:\\\/\\\/lepetitrefuge-tsl.com\\\/en\\\/elementor-1590\\\/#breadcrumb\"},\"inLanguage\":\"en-US\",\"potentialAction\":[{\"@type\":\"ReadAction\",\"target\":[\"https:\\\/\\\/lepetitrefuge-tsl.com\\\/en\\\/elementor-1590\\\/\"]}]},{\"@type\":\"ImageObject\",\"inLanguage\":\"en-US\",\"@id\":\"https:\\\/\\\/lepetitrefuge-tsl.com\\\/en\\\/elementor-1590\\\/#primaryimage\",\"url\":\"https:\\\/\\\/lepetitrefuge-tsl.com\\\/wp-content\\\/uploads\\\/elementor\\\/thumbs\\\/LPR-ppcc75e0h0jktutcytv8cwbku22qw1fqht1k0u4uw0.png\",\"contentUrl\":\"https:\\\/\\\/lepetitrefuge-tsl.com\\\/wp-content\\\/uploads\\\/elementor\\\/thumbs\\\/LPR-ppcc75e0h0jktutcytv8cwbku22qw1fqht1k0u4uw0.png\"},{\"@type\":\"BreadcrumbList\",\"@id\":\"https:\\\/\\\/lepetitrefuge-tsl.com\\\/en\\\/elementor-1590\\\/#breadcrumb\",\"itemListElement\":[{\"@type\":\"ListItem\",\"position\":1,\"name\":\"Startseite\",\"item\":\"https:\\\/\\\/lepetitrefuge-tsl.com\\\/fr\\\/\"},{\"@type\":\"ListItem\",\"position\":2,\"name\":\"Elementor #1590\"}]},{\"@type\":\"WebSite\",\"@id\":\"https:\\\/\\\/lepetitrefuge-tsl.com\\\/#website\",\"url\":\"https:\\\/\\\/lepetitrefuge-tsl.com\\\/\",\"name\":\"Le Petit Refuge \u00e0 Tourrettes sur Loup\",\"description\":\"La Maison de Kristy et Oliver\",\"potentialAction\":[{\"@type\":\"SearchAction\",\"target\":{\"@type\":\"EntryPoint\",\"urlTemplate\":\"https:\\\/\\\/lepetitrefuge-tsl.com\\\/?s={search_term_string}\"},\"query-input\":{\"@type\":\"PropertyValueSpecification\",\"valueRequired\":true,\"valueName\":\"search_term_string\"}}],\"inLanguage\":\"en-US\"}]}<\/script>\n<!-- \/ Yoast SEO plugin. -->","yoast_head_json":{"title":"Elementor #1590 - Le Petit Refuge \u00e0 Tourrettes sur Loup","robots":{"index":"index","follow":"follow","max-snippet":"max-snippet:-1","max-image-preview":"max-image-preview:large","max-video-preview":"max-video-preview:-1"},"canonical":"https:\/\/lepetitrefuge-tsl.com\/en\/elementor-1590\/","og_locale":"en_US","og_type":"article","og_title":"Elementor #1590 - Le Petit Refuge \u00e0 Tourrettes sur Loup","og_description":"Impressum Angaben gem\u00e4\u00df \u00a7 5 TMG Oliver Dultz Orleansstr.17 28211 Bremen Kontakt Telefon: 0421554635 E-Mail: contact@lepetitrefuge-tsl.com Quelle: https:\/\/www.e-recht24.de\/impressum-generator.html Copyright \u00a9 2022 All Rights reserved Hausregeln Check-in: 4:00 PM &#8211; 7:00 PM Checkout: 10:00 AM No smoking No pets Maximum of 4 guests are permitted Terms &amp; Conditions Follow us Instagram Impressum Datenschutz Kontakt (+33 6&hellip; Continue reading Elementor #1590","og_url":"https:\/\/lepetitrefuge-tsl.com\/en\/elementor-1590\/","og_site_name":"Le Petit Refuge \u00e0 Tourrettes sur Loup","article_modified_time":"2025-03-19T13:42:16+00:00","og_image":[{"url":"https:\/\/lepetitrefuge-tsl.com\/wp-content\/uploads\/elementor\/thumbs\/LPR-ppcc75e0h0jktutcytv8cwbku22qw1fqht1k0u4uw0.png","type":"","width":"","height":""}],"twitter_card":"summary_large_image","twitter_misc":{"Est. reading time":"1 minute"},"schema":{"@context":"https:\/\/schema.org","@graph":[{"@type":"WebPage","@id":"https:\/\/lepetitrefuge-tsl.com\/en\/elementor-1590\/","url":"https:\/\/lepetitrefuge-tsl.com\/en\/elementor-1590\/","name":"Elementor #1590 - Le Petit Refuge \u00e0 Tourrettes sur Loup","isPartOf":{"@id":"https:\/\/lepetitrefuge-tsl.com\/#website"},"primaryImageOfPage":{"@id":"https:\/\/lepetitrefuge-tsl.com\/en\/elementor-1590\/#primaryimage"},"image":{"@id":"https:\/\/lepetitrefuge-tsl.com\/en\/elementor-1590\/#primaryimage"},"thumbnailUrl":"https:\/\/lepetitrefuge-tsl.com\/wp-content\/uploads\/elementor\/thumbs\/LPR-ppcc75e0h0jktutcytv8cwbku22qw1fqht1k0u4uw0.png","datePublished":"2022-07-12T14:42:30+00:00","dateModified":"2025-03-19T13:42:16+00:00","breadcrumb":{"@id":"https:\/\/lepetitrefuge-tsl.com\/en\/elementor-1590\/#breadcrumb"},"inLanguage":"en-US","potentialAction":[{"@type":"ReadAction","target":["https:\/\/lepetitrefuge-tsl.com\/en\/elementor-1590\/"]}]},{"@type":"ImageObject","inLanguage":"en-US","@id":"https:\/\/lepetitrefuge-tsl.com\/en\/elementor-1590\/#primaryimage","url":"https:\/\/lepetitrefuge-tsl.com\/wp-content\/uploads\/elementor\/thumbs\/LPR-ppcc75e0h0jktutcytv8cwbku22qw1fqht1k0u4uw0.png","contentUrl":"https:\/\/lepetitrefuge-tsl.com\/wp-content\/uploads\/elementor\/thumbs\/LPR-ppcc75e0h0jktutcytv8cwbku22qw1fqht1k0u4uw0.png"},{"@type":"BreadcrumbList","@id":"https:\/\/lepetitrefuge-tsl.com\/en\/elementor-1590\/#breadcrumb","itemListElement":[{"@type":"ListItem","position":1,"name":"Startseite","item":"https:\/\/lepetitrefuge-tsl.com\/fr\/"},{"@type":"ListItem","position":2,"name":"Elementor #1590"}]},{"@type":"WebSite","@id":"https:\/\/lepetitrefuge-tsl.com\/#website","url":"https:\/\/lepetitrefuge-tsl.com\/","name":"Le Petit Refuge \u00e0 Tourrettes sur Loup","description":"La Maison de Kristy et Oliver","potentialAction":[{"@type":"SearchAction","target":{"@type":"EntryPoint","urlTemplate":"https:\/\/lepetitrefuge-tsl.com\/?s={search_term_string}"},"query-input":{"@type":"PropertyValueSpecification","valueRequired":true,"valueName":"search_term_string"}}],"inLanguage":"en-US"}]}},"_links":{"self":[{"href":"https:\/\/lepetitrefuge-tsl.com\/en\/wp-json\/wp\/v2\/pages\/1590","targetHints":{"allow":["GET"]}}],"collection":[{"href":"https:\/\/lepetitrefuge-tsl.com\/en\/wp-json\/wp\/v2\/pages"}],"about":[{"href":"https:\/\/lepetitrefuge-tsl.com\/en\/wp-json\/wp\/v2\/types\/page"}],"author":[{"embeddable":true,"href":"https:\/\/lepetitrefuge-tsl.com\/en\/wp-json\/wp\/v2\/users\/1"}],"replies":[{"embeddable":true,"href":"https:\/\/lepetitrefuge-tsl.com\/en\/wp-json\/wp\/v2\/comments?post=1590"}],"version-history":[{"count":5,"href":"https:\/\/lepetitrefuge-tsl.com\/en\/wp-json\/wp\/v2\/pages\/1590\/revisions"}],"predecessor-version":[{"id":1954,"href":"https:\/\/lepetitrefuge-tsl.com\/en\/wp-json\/wp\/v2\/pages\/1590\/revisions\/1954"}],"wp:attachment":[{"href":"https:\/\/lepetitrefuge-tsl.com\/en\/wp-json\/wp\/v2\/media?parent=1590"}],"curies":[{"name":"wp","href":"https:\/\/api.w.org\/{rel}","templated":true}]}}